{"id":1378,"date":"2024-08-19T15:39:02","date_gmt":"2024-08-19T13:39:02","guid":{"rendered":"https:\/\/parle.pl\/offre\/traduction\/"},"modified":"2024-08-19T15:39:02","modified_gmt":"2024-08-19T13:39:02","slug":"traduction","status":"publish","type":"page","link":"https:\/\/parle.pl\/fr\/offre\/traduction\/","title":{"rendered":"Traduction"},"content":{"rendered":"<p>[et_pb_section fb_built=\u00a0\u00bb1&Prime; fullwidth=\u00a0\u00bbon\u00a0\u00bb _builder_version=\u00a0\u00bb4.7.4&Prime; _module_preset=\u00a0\u00bbdefault\u00a0\u00bb][et_pb_fullwidth_post_title meta=\u00a0\u00bboff\u00a0\u00bb featured_image=\u00a0\u00bboff\u00a0\u00bb _builder_version=\u00a0\u00bb4.7.7&Prime; _module_preset=\u00a0\u00bbdefault\u00a0\u00bb title_font=\u00a0\u00bb||||||||\u00a0\u00bb title_text_align=\u00a0\u00bbcenter\u00a0\u00bb title_text_color=\u00a0\u00bb#ffffff\u00a0\u00bb title_font_size=\u00a0\u00bb36px\u00a0\u00bb title_letter_spacing=\u00a0\u00bb1px\u00a0\u00bb background_enable_color=\u00a0\u00bboff\u00a0\u00bb background_image=\u00a0\u00bbhttps:\/\/parle.pl\/wp-content\/uploads\/kkrajewska-3.jpg\u00a0\u00bb background_position=\u00a0\u00bbbottom_center\u00a0\u00bb custom_padding=\u00a0\u00bb8%||6%||false|false\u00a0\u00bb custom_padding_tablet=\u00a0\u00bb14%||10%||false|false\u00a0\u00bb custom_padding_phone=\u00a0\u00bb20%||||false|false\u00a0\u00bb custom_padding_last_edited=\u00a0\u00bbon|phone\u00a0\u00bb title_text_shadow_style=\u00a0\u00bbpreset2&Prime;][\/et_pb_fullwidth_post_title][\/et_pb_section][et_pb_section fb_built=\u00a0\u00bb1&Prime; _builder_version=\u00a0\u00bb4.7.7&Prime; _module_preset=\u00a0\u00bbdefault\u00a0\u00bb][et_pb_row _builder_version=\u00a0\u00bb4.7.7&Prime; _module_preset=\u00a0\u00bbdefault\u00a0\u00bb][et_pb_column type=\u00a0\u00bb4_4&Prime; _builder_version=\u00a0\u00bb4.7.7&Prime; _module_preset=\u00a0\u00bbdefault\u00a0\u00bb][et_pb_text ul_position=\u00a0\u00bbinside\u00a0\u00bb ul_item_indent=\u00a0\u00bb2px\u00a0\u00bb _builder_version=\u00a0\u00bb4.7.7&Prime; _module_preset=\u00a0\u00bbdefault\u00a0\u00bb]<\/p>\n<p>Je propose des traductions <strong>en anglais et en fran\u00e7ais <\/strong>dans de nombreux domaines :<\/p>\n<ul>\n<li>architecture et construction,<\/li>\n<li>Union europ\u00e9enne,<\/li>\n<li>l&rsquo;administration publique,<\/li>\n<li>sciences humaines et histoire,<\/li>\n<li>psychologie,<\/li>\n<li>march\u00e9s publics,<\/li>\n<li>l&rsquo;exp\u00e9rience utilisateur<\/li>\n<\/ul>\n<p>et bien d&rsquo;autres encore.<\/p>\n<p>Je peux \u00e9galement vous aider \u00e0 trouver des traducteurs sp\u00e9cialis\u00e9s dans d&rsquo;autres langues et domaines, ainsi que des traducteurs asserment\u00e9s (si le client a besoin d&rsquo;une traduction certifi\u00e9e).<\/p>\n<p>Je travaille avec SDL Trados et je connais \u00e9galement d&rsquo;autres logiciels de traduction (par exemple Memsource).<\/p>\n<p>Contactez-moi pour une consultation ou un devis gratuit.<\/p>\n<p>[\/et_pb_text][et_pb_button button_url=\u00a0\u00bbhttps:\/\/parle.pl\/fr\/me-contacter\/\u00a0\u00bb button_text=\u00a0\u00bbPrenez contact\u00a0\u00bb button_alignment=\u00a0\u00bbright\u00a0\u00bb _builder_version=\u00a0\u00bb4.7.7&Prime; _module_preset=\u00a0\u00bbdefault\u00a0\u00bb][\/et_pb_button][\/et_pb_column][\/et_pb_row][\/et_pb_section]<\/p>\n","protected":false},"excerpt":{"rendered":"<p>[et_pb_section fb_built=\u00a0\u00bb1&Prime; fullwidth=\u00a0\u00bbon\u00a0\u00bb _builder_version=\u00a0\u00bb4.7.4&Prime; _module_preset=\u00a0\u00bbdefault\u00a0\u00bb][et_pb_fullwidth_post_title meta=\u00a0\u00bboff\u00a0\u00bb featured_image=\u00a0\u00bboff\u00a0\u00bb _builder_version=\u00a0\u00bb4.7.7&Prime; _module_preset=\u00a0\u00bbdefault\u00a0\u00bb title_font=\u00a0\u00bb||||||||\u00a0\u00bb title_text_align=\u00a0\u00bbcenter\u00a0\u00bb title_text_color=\u00a0\u00bb#ffffff\u00a0\u00bb title_font_size=\u00a0\u00bb36px\u00a0\u00bb title_letter_spacing=\u00a0\u00bb1px\u00a0\u00bb background_enable_color=\u00a0\u00bboff\u00a0\u00bb background_image=\u00a0\u00bbhttps:\/\/parle.pl\/wp-content\/uploads\/kkrajewska-3.jpg\u00a0\u00bb background_position=\u00a0\u00bbbottom_center\u00a0\u00bb custom_padding=\u00a0\u00bb8%||6%||false|false\u00a0\u00bb custom_padding_tablet=\u00a0\u00bb14%||10%||false|false\u00a0\u00bb custom_padding_phone=\u00a0\u00bb20%||||false|false\u00a0\u00bb custom_padding_last_edited=\u00a0\u00bbon|phone\u00a0\u00bb title_text_shadow_style=\u00a0\u00bbpreset2&Prime;][\/et_pb_fullwidth_post_title][\/et_pb_section][et_pb_section fb_built=\u00a0\u00bb1&Prime; _builder_version=\u00a0\u00bb4.7.7&Prime; _module_preset=\u00a0\u00bbdefault\u00a0\u00bb][et_pb_row _builder_version=\u00a0\u00bb4.7.7&Prime; _module_preset=\u00a0\u00bbdefault\u00a0\u00bb][et_pb_column type=\u00a0\u00bb4_4&Prime; _builder_version=\u00a0\u00bb4.7.7&Prime; _module_preset=\u00a0\u00bbdefault\u00a0\u00bb][et_pb_text ul_position=\u00a0\u00bbinside\u00a0\u00bb ul_item_indent=\u00a0\u00bb2px\u00a0\u00bb _builder_version=\u00a0\u00bb4.7.7&Prime; _module_preset=\u00a0\u00bbdefault\u00a0\u00bb] Je propose des traductions en anglais et en fran\u00e7ais dans de nombreux domaines : architecture et construction, Union europ\u00e9enne, l&rsquo;administration publique, [&hellip;]<\/p>\n","protected":false},"author":1,"featured_media":0,"parent":1375,"menu_order":0,"comment_status":"closed","ping_status":"closed","template":"","meta":{"_et_pb_use_builder":"on","_et_pb_old_content":"","_et_gb_content_width":"","inline_featured_image":false,"footnotes":""},"class_list":["post-1378","page","type-page","status-publish","hentry"],"_links":{"self":[{"href":"https:\/\/parle.pl\/fr\/wp-json\/wp\/v2\/pages\/1378"}],"collection":[{"href":"https:\/\/parle.pl\/fr\/wp-json\/wp\/v2\/pages"}],"about":[{"href":"https:\/\/parle.pl\/fr\/wp-json\/wp\/v2\/types\/page"}],"author":[{"embeddable":true,"href":"https:\/\/parle.pl\/fr\/wp-json\/wp\/v2\/users\/1"}],"replies":[{"embeddable":true,"href":"https:\/\/parle.pl\/fr\/wp-json\/wp\/v2\/comments?post=1378"}],"version-history":[{"count":2,"href":"https:\/\/parle.pl\/fr\/wp-json\/wp\/v2\/pages\/1378\/revisions"}],"predecessor-version":[{"id":1380,"href":"https:\/\/parle.pl\/fr\/wp-json\/wp\/v2\/pages\/1378\/revisions\/1380"}],"up":[{"embeddable":true,"href":"https:\/\/parle.pl\/fr\/wp-json\/wp\/v2\/pages\/1375"}],"wp:attachment":[{"href":"https:\/\/parle.pl\/fr\/wp-json\/wp\/v2\/media?parent=1378"}],"curies":[{"name":"wp","href":"https:\/\/api.w.org\/{rel}","templated":true}]}}