{"id":1384,"date":"2024-08-19T15:47:51","date_gmt":"2024-08-19T13:47:51","guid":{"rendered":"https:\/\/parle.pl\/offre\/interpretation\/accompagnement\/"},"modified":"2024-08-19T15:47:52","modified_gmt":"2024-08-19T13:47:52","slug":"accompagnement","status":"publish","type":"page","link":"https:\/\/parle.pl\/fr\/offre\/interpretation\/accompagnement\/","title":{"rendered":"Accompagnement"},"content":{"rendered":"<p>[et_pb_section fb_built=\u00a0\u00bb1&Prime; _builder_version=\u00a0\u00bb4.7.7&Prime; _module_preset=\u00a0\u00bbdefault\u00a0\u00bb background_image=\u00a0\u00bbhttps:\/\/parle.pl\/wp-content\/uploads\/kkrajewska-3.jpg\u00a0\u00bb background_position=\u00a0\u00bbbottom_center\u00a0\u00bb custom_padding=\u00a0\u00bb0px||0px||true|false\u00a0\u00bb][et_pb_row custom_padding_last_edited=\u00a0\u00bbon|tablet\u00a0\u00bb _builder_version=\u00a0\u00bb4.7.7&Prime; _module_preset=\u00a0\u00bbdefault\u00a0\u00bb custom_padding=\u00a0\u00bb3.5%||3.5%||false|false\u00a0\u00bb custom_padding_tablet=\u00a0\u00bb7%||5%||false|false\u00a0\u00bb custom_padding_phone=\u00a0\u00bb\u00a0\u00bb][et_pb_column type=\u00a0\u00bb4_4&Prime; _builder_version=\u00a0\u00bb4.7.7&Prime; _module_preset=\u00a0\u00bbdefault\u00a0\u00bb][et_pb_text _builder_version=\u00a0\u00bb4.7.7&Prime; _module_preset=\u00a0\u00bbdefault\u00a0\u00bb header_font=\u00a0\u00bb|||on|||||\u00a0\u00bb header_text_align=\u00a0\u00bbcenter\u00a0\u00bb header_text_color=\u00a0\u00bb#ffffff\u00a0\u00bb header_font_size=\u00a0\u00bb36px\u00a0\u00bb header_letter_spacing=\u00a0\u00bb1px\u00a0\u00bb header_line_height=\u00a0\u00bb1.2em\u00a0\u00bb header_2_text_align=\u00a0\u00bbcenter\u00a0\u00bb header_2_text_color=\u00a0\u00bb#ffffff\u00a0\u00bb header_2_letter_spacing=\u00a0\u00bb1px\u00a0\u00bb header_font_size_tablet=\u00a0\u00bb\u00a0\u00bb header_font_size_phone=\u00a0\u00bb24px\u00a0\u00bb header_font_size_last_edited=\u00a0\u00bbon|phone\u00a0\u00bb header_2_font_size_tablet=\u00a0\u00bb\u00a0\u00bb header_2_font_size_phone=\u00a0\u00bb18px\u00a0\u00bb header_2_font_size_last_edited=\u00a0\u00bbon|phone\u00a0\u00bb header_text_shadow_style=\u00a0\u00bbpreset2&Prime; header_2_text_shadow_style=\u00a0\u00bbpreset2&Prime;]<\/p>\n<h2>interpr\u00e9tation<\/h2>\n<h1>Accompagnement<\/h1>\n<p>[\/et_pb_text][\/et_pb_column][\/et_pb_row][\/et_pb_section][et_pb_section fb_built=\u00a0\u00bb1&Prime; _builder_version=\u00a0\u00bb4.7.7&Prime; _module_preset=\u00a0\u00bbdefault\u00a0\u00bb custom_padding=\u00a0\u00bb||40px||false|false\u00a0\u00bb][et_pb_row column_structure=\u00a0\u00bb3_5,2_5&Prime; _builder_version=\u00a0\u00bb4.7.7&Prime; _module_preset=\u00a0\u00bbdefault\u00a0\u00bb][et_pb_column type=\u00a0\u00bb3_5&Prime; _builder_version=\u00a0\u00bb4.7.7&Prime; _module_preset=\u00a0\u00bbdefault\u00a0\u00bb][et_pb_text _builder_version=\u00a0\u00bb4.7.7&Prime; _module_preset=\u00a0\u00bbdefault\u00a0\u00bb]<\/p>\n<p>L&rsquo;accompagnement ou l&rsquo;assistance consiste en une combinaison de soutien organisationnel et logistique et d&rsquo;interpr\u00e9tation pour le client \u00e9tranger (g\u00e9n\u00e9ralement chuchot\u00e9e ou cons\u00e9cutive). Outre l&rsquo;interpr\u00e9tation proprement dite (par exemple, lors d&rsquo;un salon ou d&rsquo;une visite touristique), je propose \u00e9galement une assistance pour l&rsquo;organisation de diverses formalit\u00e9s, l&rsquo;h\u00e9bergement ou l&rsquo;apprentissage de la culture et des coutumes polonaises \u00e0 l&rsquo;arriv\u00e9e.<\/p>\n<p>Je vous offre des traductions en <strong>polonais<\/strong>, en <strong>anglais <\/strong> et en <strong>fran\u00e7ais<\/strong>, avec la garantie d&rsquo;un professionnalisme absolu attest\u00e9 par des ann\u00e9es d&rsquo;exp\u00e9rience et par l&rsquo;accr\u00e9ditation de l&rsquo;UE. <strong>Je travaille en collaboration avec des traducteurs fiables dans d&rsquo;autres langues.<\/strong><\/p>\n<p> Contactez-moi pour une consultation ou un devis gratuit.<\/p>\n<p>[\/et_pb_text][et_pb_button button_url=\u00a0\u00bbhttps:\/\/parle.pl\/fr\/me-contacter\/\u00a0\u00bb button_text=\u00a0\u00bbPrenez contact\u00a0\u00bb _builder_version=\u00a0\u00bb4.7.7&Prime; _module_preset=\u00a0\u00bbdefault\u00a0\u00bb custom_margin_tablet=\u00a0\u00bb||30px||false|false\u00a0\u00bb custom_margin_phone=\u00a0\u00bb\u00a0\u00bb custom_margin_last_edited=\u00a0\u00bbon|tablet\u00a0\u00bb animation_style=\u00a0\u00bbslide\u00a0\u00bb animation_direction=\u00a0\u00bbbottom\u00a0\u00bb animation_intensity_slide=\u00a0\u00bb10%\u00a0\u00bb animation_starting_opacity=\u00a0\u00bb100%\u00a0\u00bb][\/et_pb_button][\/et_pb_column][et_pb_column type=\u00a0\u00bb2_5&Prime; _builder_version=\u00a0\u00bb4.7.7&Prime; _module_preset=\u00a0\u00bbdefault\u00a0\u00bb][et_pb_text _builder_version=\u00a0\u00bb4.7.7&Prime; _module_preset=\u00a0\u00bbdefault\u00a0\u00bb]<\/p>\n<h4>Elle se pr\u00eate bien:<\/h4>\n<ul>\n<li><span style=\"font-weight: 400;\">lorsque le client recherche un soutien linguistique et culturel g\u00e9n\u00e9ral, sans se limiter \u00e0 l&rsquo;interpr\u00e9tation elle-m\u00eame dans le cadre d&rsquo;un \u00e9v\u00e9nement sp\u00e9cifique.<\/span><\/li>\n<\/ul>\n<p>[\/et_pb_text][et_pb_text _builder_version=\u00a0\u00bb4.7.7&Prime; _module_preset=\u00a0\u00bbdefault\u00a0\u00bb]<\/p>\n<h4>Avantages:<\/h4>\n<ul>\n<li><span style=\"font-weight: 400;\">soutien global du client par une seule personne &#8211; interpr\u00e8te et \u00abinterm\u00e9diaire culturel\u00bb.<\/span><\/li>\n<\/ul>\n<p>[\/et_pb_text][\/et_pb_column][\/et_pb_row][\/et_pb_section][et_pb_section fb_built=\u00a0\u00bb1&Prime; custom_padding_last_edited=\u00a0\u00bbon|tablet\u00a0\u00bb prev_background_color=\u00a0\u00bb#ffffff\u00a0\u00bb _builder_version=\u00a0\u00bb4.7.7&Prime; _module_preset=\u00a0\u00bbdefault\u00a0\u00bb background_color=\u00a0\u00bb#efefef\u00a0\u00bb custom_padding=\u00a0\u00bb100px||||false|false\u00a0\u00bb custom_padding_tablet=\u00a0\u00bb50px||||false|false\u00a0\u00bb custom_padding_phone=\u00a0\u00bb\u00a0\u00bb top_divider_style=\u00a0\u00bbslant2&Prime; top_divider_flip=\u00a0\u00bbhorizontal\u00a0\u00bb top_divider_height_tablet=\u00a0\u00bb50px\u00a0\u00bb top_divider_height_phone=\u00a0\u00bb\u00a0\u00bb top_divider_height_last_edited=\u00a0\u00bbon|tablet\u00a0\u00bb][et_pb_row _builder_version=\u00a0\u00bb4.7.7&Prime; _module_preset=\u00a0\u00bbdefault\u00a0\u00bb][et_pb_column type=\u00a0\u00bb4_4&Prime; _builder_version=\u00a0\u00bb4.7.7&Prime; _module_preset=\u00a0\u00bbdefault\u00a0\u00bb][et_pb_text _builder_version=\u00a0\u00bb4.7.7&Prime; _module_preset=\u00a0\u00bbdefault\u00a0\u00bb header_2_text_align=\u00a0\u00bbcenter\u00a0\u00bb header_2_line_height=\u00a0\u00bb1.5em\u00a0\u00bb header_2_font_size_tablet=\u00a0\u00bb\u00a0\u00bb header_2_font_size_phone=\u00a0\u00bb22px\u00a0\u00bb header_2_font_size_last_edited=\u00a0\u00bbon|phone\u00a0\u00bb]<\/p>\n<h2>En savoir plus sur l&rsquo;accompagnement et l&rsquo;assistance au client:<\/h2>\n<p>L&rsquo;assistance est le service qui offre le plus de possibilit\u00e9s en termes d&rsquo;\u00e9changes culturels et linguistiques. Elle est \u00e9galement la plus globale, car elle offre au client d&rsquo;autres avantages en plus de la traduction en tant que telle, comme l&rsquo;organisation de r\u00e9unions et le soutien \u00e0 la simple logistique li\u00e9e \u00e0 l&rsquo;arriv\u00e9e d&rsquo;invit\u00e9s \u00e9trangers. \u00abL&rsquo;interpr\u00e9tation\u00bb peut se r\u00e9f\u00e9rer non seulement aux diff\u00e9rences linguistiques, mais aussi aux diff\u00e9rences culturelles. L&rsquo;interpr\u00e8te, qui conna\u00eet les r\u00e9alit\u00e9s des deux c\u00f4t\u00e9s, est le mieux plac\u00e9 pour expliquer aux Polonais pourquoi les Fran\u00e7ais pr\u00e9f\u00e8rent ne pas tenir de r\u00e9unions \u00e0 midi et pourquoi les Anglais mettent du lait au lieu de jus de citron dans leur th\u00e9.<\/p>\n<p>J&rsquo;ai eu le grand plaisir de travailler en tant qu&rsquo;interpr\u00e8te et assistante \u00e0 temps plein (dite in-house ou en interne) pendant la construction du centre commercial Posnania \u00e0 Poznan entre 2014 et 2016. \u00c0 l&rsquo;\u00e9poque, il s&rsquo;agissait du plus grand centre commercial d&rsquo;Europe centrale &#8211; il y avait jusqu&rsquo;\u00e0 12 grues sur le chantier, le bureau de construction employait une centaine de personnes, y compris des directeurs fran\u00e7ais et d&rsquo;autres travailleurs \u00e9trangers parlant anglais. Au quotidien, au-del\u00e0 de la traduction, j&rsquo;\u00e9tais charg\u00e9e de la gestion du bureau, de l&rsquo;organisation des r\u00e9unions et de l&rsquo;accompagnement des Fran\u00e7ais qui arrivaient en Pologne sans aucune connaissance de la langue. La traduction elle-m\u00eame et les circonstances dans lesquelles elle s&rsquo;est d\u00e9roul\u00e9e \u00e9taient fascinantes &#8211; souvent dans bottes en caoutchouc trop grandes, dans la boue et sous la pluie ou sur le toit d&rsquo;un centre commercial sous un soleil de plomb. Apr\u00e8s cette \u00e9cole de la vie, il n&rsquo;y a pas d&rsquo;endroit o\u00f9 je ne puisse pas traduire.<\/p>\n<p>[\/et_pb_text][\/et_pb_column][\/et_pb_row][\/et_pb_section]<\/p>\n","protected":false},"excerpt":{"rendered":"<p>[et_pb_section fb_built=\u00a0\u00bb1&Prime; _builder_version=\u00a0\u00bb4.7.7&Prime; _module_preset=\u00a0\u00bbdefault\u00a0\u00bb background_image=\u00a0\u00bbhttps:\/\/parle.pl\/wp-content\/uploads\/kkrajewska-3.jpg\u00a0\u00bb background_position=\u00a0\u00bbbottom_center\u00a0\u00bb custom_padding=\u00a0\u00bb0px||0px||true|false\u00a0\u00bb][et_pb_row custom_padding_last_edited=\u00a0\u00bbon|tablet\u00a0\u00bb _builder_version=\u00a0\u00bb4.7.7&Prime; _module_preset=\u00a0\u00bbdefault\u00a0\u00bb custom_padding=\u00a0\u00bb3.5%||3.5%||false|false\u00a0\u00bb custom_padding_tablet=\u00a0\u00bb7%||5%||false|false\u00a0\u00bb custom_padding_phone=\u00a0\u00bb\u00a0\u00bb][et_pb_column type=\u00a0\u00bb4_4&Prime; _builder_version=\u00a0\u00bb4.7.7&Prime; _module_preset=\u00a0\u00bbdefault\u00a0\u00bb][et_pb_text _builder_version=\u00a0\u00bb4.7.7&Prime; _module_preset=\u00a0\u00bbdefault\u00a0\u00bb header_font=\u00a0\u00bb|||on|||||\u00a0\u00bb header_text_align=\u00a0\u00bbcenter\u00a0\u00bb header_text_color=\u00a0\u00bb#ffffff\u00a0\u00bb header_font_size=\u00a0\u00bb36px\u00a0\u00bb header_letter_spacing=\u00a0\u00bb1px\u00a0\u00bb header_line_height=\u00a0\u00bb1.2em\u00a0\u00bb header_2_text_align=\u00a0\u00bbcenter\u00a0\u00bb header_2_text_color=\u00a0\u00bb#ffffff\u00a0\u00bb header_2_letter_spacing=\u00a0\u00bb1px\u00a0\u00bb header_font_size_tablet=\u00a0\u00bb\u00a0\u00bb header_font_size_phone=\u00a0\u00bb24px\u00a0\u00bb header_font_size_last_edited=\u00a0\u00bbon|phone\u00a0\u00bb header_2_font_size_tablet=\u00a0\u00bb\u00a0\u00bb header_2_font_size_phone=\u00a0\u00bb18px\u00a0\u00bb header_2_font_size_last_edited=\u00a0\u00bbon|phone\u00a0\u00bb header_text_shadow_style=\u00a0\u00bbpreset2&Prime; header_2_text_shadow_style=\u00a0\u00bbpreset2&Prime;] interpr\u00e9tation Accompagnement [\/et_pb_text][\/et_pb_column][\/et_pb_row][\/et_pb_section][et_pb_section fb_built=\u00a0\u00bb1&Prime; _builder_version=\u00a0\u00bb4.7.7&Prime; _module_preset=\u00a0\u00bbdefault\u00a0\u00bb custom_padding=\u00a0\u00bb||40px||false|false\u00a0\u00bb][et_pb_row column_structure=\u00a0\u00bb3_5,2_5&Prime; _builder_version=\u00a0\u00bb4.7.7&Prime; _module_preset=\u00a0\u00bbdefault\u00a0\u00bb][et_pb_column type=\u00a0\u00bb3_5&Prime; _builder_version=\u00a0\u00bb4.7.7&Prime; _module_preset=\u00a0\u00bbdefault\u00a0\u00bb][et_pb_text _builder_version=\u00a0\u00bb4.7.7&Prime; _module_preset=\u00a0\u00bbdefault\u00a0\u00bb] L&rsquo;accompagnement ou l&rsquo;assistance consiste en [&hellip;]<\/p>\n","protected":false},"author":1,"featured_media":0,"parent":1381,"menu_order":0,"comment_status":"closed","ping_status":"closed","template":"","meta":{"_et_pb_use_builder":"on","_et_pb_old_content":"","_et_gb_content_width":"","inline_featured_image":false,"footnotes":""},"class_list":["post-1384","page","type-page","status-publish","hentry"],"_links":{"self":[{"href":"https:\/\/parle.pl\/fr\/wp-json\/wp\/v2\/pages\/1384"}],"collection":[{"href":"https:\/\/parle.pl\/fr\/wp-json\/wp\/v2\/pages"}],"about":[{"href":"https:\/\/parle.pl\/fr\/wp-json\/wp\/v2\/types\/page"}],"author":[{"embeddable":true,"href":"https:\/\/parle.pl\/fr\/wp-json\/wp\/v2\/users\/1"}],"replies":[{"embeddable":true,"href":"https:\/\/parle.pl\/fr\/wp-json\/wp\/v2\/comments?post=1384"}],"version-history":[{"count":2,"href":"https:\/\/parle.pl\/fr\/wp-json\/wp\/v2\/pages\/1384\/revisions"}],"predecessor-version":[{"id":1386,"href":"https:\/\/parle.pl\/fr\/wp-json\/wp\/v2\/pages\/1384\/revisions\/1386"}],"up":[{"embeddable":true,"href":"https:\/\/parle.pl\/fr\/wp-json\/wp\/v2\/pages\/1381"}],"wp:attachment":[{"href":"https:\/\/parle.pl\/fr\/wp-json\/wp\/v2\/media?parent=1384"}],"curies":[{"name":"wp","href":"https:\/\/api.w.org\/{rel}","templated":true}]}}