{"id":1387,"date":"2024-08-19T15:55:12","date_gmt":"2024-08-19T13:55:12","guid":{"rendered":"https:\/\/parle.pl\/offre\/interpretation\/consecutive\/"},"modified":"2024-08-19T15:55:12","modified_gmt":"2024-08-19T13:55:12","slug":"consecutive","status":"publish","type":"page","link":"https:\/\/parle.pl\/fr\/offre\/interpretation\/consecutive\/","title":{"rendered":"Cons\u00e9cutive"},"content":{"rendered":"<p>[et_pb_section fb_built=\u00a0\u00bb1&Prime; _builder_version=\u00a0\u00bb4.7.7&Prime; _module_preset=\u00a0\u00bbdefault\u00a0\u00bb background_image=\u00a0\u00bbhttps:\/\/parle.pl\/wp-content\/uploads\/kkrajewska-3.jpg\u00a0\u00bb background_position=\u00a0\u00bbbottom_center\u00a0\u00bb custom_padding=\u00a0\u00bb0px||0px||true|false\u00a0\u00bb][et_pb_row custom_padding_last_edited=\u00a0\u00bbon|tablet\u00a0\u00bb _builder_version=\u00a0\u00bb4.7.7&Prime; _module_preset=\u00a0\u00bbdefault\u00a0\u00bb custom_padding=\u00a0\u00bb3.5%||3.5%||false|false\u00a0\u00bb custom_padding_tablet=\u00a0\u00bb7%||5%||false|false\u00a0\u00bb custom_padding_phone=\u00a0\u00bb\u00a0\u00bb][et_pb_column type=\u00a0\u00bb4_4&Prime; _builder_version=\u00a0\u00bb4.7.7&Prime; _module_preset=\u00a0\u00bbdefault\u00a0\u00bb][et_pb_text _builder_version=\u00a0\u00bb4.7.7&Prime; _module_preset=\u00a0\u00bbdefault\u00a0\u00bb header_font=\u00a0\u00bb|||on|||||\u00a0\u00bb header_text_align=\u00a0\u00bbcenter\u00a0\u00bb header_text_color=\u00a0\u00bb#ffffff\u00a0\u00bb header_font_size=\u00a0\u00bb36px\u00a0\u00bb header_letter_spacing=\u00a0\u00bb1px\u00a0\u00bb header_line_height=\u00a0\u00bb1.2em\u00a0\u00bb header_2_text_align=\u00a0\u00bbcenter\u00a0\u00bb header_2_text_color=\u00a0\u00bb#ffffff\u00a0\u00bb header_2_letter_spacing=\u00a0\u00bb1px\u00a0\u00bb header_font_size_tablet=\u00a0\u00bb\u00a0\u00bb header_font_size_phone=\u00a0\u00bb24px\u00a0\u00bb header_font_size_last_edited=\u00a0\u00bbon|phone\u00a0\u00bb header_2_font_size_tablet=\u00a0\u00bb\u00a0\u00bb header_2_font_size_phone=\u00a0\u00bb18px\u00a0\u00bb header_2_font_size_last_edited=\u00a0\u00bbon|phone\u00a0\u00bb header_text_shadow_style=\u00a0\u00bbpreset2&Prime; header_2_text_shadow_style=\u00a0\u00bbpreset2&Prime;]<\/p>\n<h2>interpr\u00e9tation<\/h2>\n<h1>Cons\u00e9cutive<\/h1>\n<p>[\/et_pb_text][\/et_pb_column][\/et_pb_row][\/et_pb_section][et_pb_section fb_built=\u00a0\u00bb1&Prime; _builder_version=\u00a0\u00bb4.7.7&Prime; _module_preset=\u00a0\u00bbdefault\u00a0\u00bb custom_padding=\u00a0\u00bb||40px||false|false\u00a0\u00bb][et_pb_row column_structure=\u00a0\u00bb3_5,2_5&Prime; _builder_version=\u00a0\u00bb4.7.7&Prime; _module_preset=\u00a0\u00bbdefault\u00a0\u00bb][et_pb_column type=\u00a0\u00bb3_5&Prime; _builder_version=\u00a0\u00bb4.7.7&Prime; _module_preset=\u00a0\u00bbdefault\u00a0\u00bb][et_pb_text _builder_version=\u00a0\u00bb4.7.7&Prime; _module_preset=\u00a0\u00bbdefault\u00a0\u00bb]<\/p>\n<p>L&rsquo;interpr\u00e8te prend la parole en alternance avec l&rsquo;orateur &#8211; il interpr\u00e8te apr\u00e8s quelques phrases ou quelques minutes de discours. Aucun \u00e9quipement particulier (hormis un microphone) n&rsquo;est n\u00e9cessaire.<\/p>\n<p>Je vous offre des traductions en <strong>polonais<\/strong>, en <strong>anglais <\/strong> et en <strong>fran\u00e7ais<\/strong>, avec la garantie d&rsquo;un professionnalisme absolu attest\u00e9 par des ann\u00e9es d&rsquo;exp\u00e9rience et par l&rsquo;accr\u00e9ditation de l&rsquo;UE. <strong>Je travaille en collaboration avec des traducteurs fiables dans d&rsquo;autres langues.<\/strong><\/p>\n<p>Contactez-moi pour une consultation ou un devis gratuit.<\/p>\n<p>[\/et_pb_text][et_pb_button button_url=\u00a0\u00bbhttps:\/\/parle.pl\/fr\/me-contacter\/\u00a0\u00bb button_text=\u00a0\u00bbPrenez contact\u00a0\u00bb _builder_version=\u00a0\u00bb4.7.7&Prime; _module_preset=\u00a0\u00bbdefault\u00a0\u00bb custom_margin_tablet=\u00a0\u00bb||30px||false|false\u00a0\u00bb custom_margin_phone=\u00a0\u00bb\u00a0\u00bb custom_margin_last_edited=\u00a0\u00bbon|tablet\u00a0\u00bb animation_style=\u00a0\u00bbslide\u00a0\u00bb animation_direction=\u00a0\u00bbbottom\u00a0\u00bb animation_intensity_slide=\u00a0\u00bb10%\u00a0\u00bb animation_starting_opacity=\u00a0\u00bb100%\u00a0\u00bb][\/et_pb_button][\/et_pb_column][et_pb_column type=\u00a0\u00bb2_5&Prime; _builder_version=\u00a0\u00bb4.7.7&Prime; _module_preset=\u00a0\u00bbdefault\u00a0\u00bb][et_pb_text _builder_version=\u00a0\u00bb4.7.7&Prime; _module_preset=\u00a0\u00bbdefault\u00a0\u00bb]<\/p>\n<h4>Fonctionne bien :<\/h4>\n<ul>\n<li>lorsqu&rsquo;il y a beaucoup d&rsquo;interaction entre les participants \u00e0 la r\u00e9union : n\u00e9gociations commerciales, entretiens, sessions de formation, visites, ateliers,<\/li>\n<li>Sur sc\u00e8ne : lors de galas, de c\u00e9r\u00e9monies de lancement, etc.<\/li>\n<\/ul>\n<p>[\/et_pb_text][et_pb_text _builder_version=\u00a0\u00bb4.7.7&Prime; _module_preset=\u00a0\u00bbdefault\u00a0\u00bb]<\/p>\n<h4>Avantages:<\/h4>\n<ul>\n<li><span style=\"font-weight: 400;\">permet des interactions dynamiques<\/span><\/li>\n<\/ul>\n<p>[\/et_pb_text][\/et_pb_column][\/et_pb_row][\/et_pb_section][et_pb_section fb_built=\u00a0\u00bb1&Prime; custom_padding_last_edited=\u00a0\u00bbon|tablet\u00a0\u00bb prev_background_color=\u00a0\u00bb#ffffff\u00a0\u00bb _builder_version=\u00a0\u00bb4.7.7&Prime; _module_preset=\u00a0\u00bbdefault\u00a0\u00bb background_color=\u00a0\u00bb#efefef\u00a0\u00bb custom_padding=\u00a0\u00bb100px||||false|false\u00a0\u00bb custom_padding_tablet=\u00a0\u00bb50px||||false|false\u00a0\u00bb custom_padding_phone=\u00a0\u00bb\u00a0\u00bb top_divider_style=\u00a0\u00bbslant2&Prime; top_divider_flip=\u00a0\u00bbhorizontal\u00a0\u00bb top_divider_height_tablet=\u00a0\u00bb50px\u00a0\u00bb top_divider_height_phone=\u00a0\u00bb\u00a0\u00bb top_divider_height_last_edited=\u00a0\u00bbon|tablet\u00a0\u00bb][et_pb_row _builder_version=\u00a0\u00bb4.7.7&Prime; _module_preset=\u00a0\u00bbdefault\u00a0\u00bb][et_pb_column type=\u00a0\u00bb4_4&Prime; _builder_version=\u00a0\u00bb4.7.7&Prime; _module_preset=\u00a0\u00bbdefault\u00a0\u00bb][et_pb_text _builder_version=\u00a0\u00bb4.8.2&Prime; _module_preset=\u00a0\u00bbdefault\u00a0\u00bb header_2_text_align=\u00a0\u00bbcenter\u00a0\u00bb header_2_line_height=\u00a0\u00bb1.5em\u00a0\u00bb header_2_font_size_tablet=\u00a0\u00bb\u00a0\u00bb header_2_font_size_phone=\u00a0\u00bb22px\u00a0\u00bb header_2_font_size_last_edited=\u00a0\u00bbon|phone\u00a0\u00bb]<\/p>\n<h2>En savoir plus sur l&rsquo;interpr\u00e9tation cons\u00e9cutive<\/h2>\n<p>Apr\u00e8s l&rsquo;interpr\u00e9tation simultan\u00e9e, il s&rsquo;agit d&rsquo;un autre type d&rsquo;interpr\u00e9tation consid\u00e9r\u00e9 comme typique des conf\u00e9rences, bien qu&rsquo;il fonctionne \u00e9galement dans d&rsquo;autres situations. Elle n\u00e9cessite \u00e9galement une formation sp\u00e9ciale &#8211; j&rsquo;ai perfectionn\u00e9 cet art pendant deux ans \u00e0 l&rsquo;Universit\u00e9 Adam Mickiewicz, et j&rsquo;enseigne moi-m\u00eame l&rsquo;interpr\u00e9tation <span>cons\u00e9cutive <\/span>et la notation en tant que formateur depuis 2014. L&rsquo;interpr\u00e8te cons\u00e9cutif utilise un syst\u00e8me de notation sp\u00e9cial qui lui permet de noter et de reproduire de m\u00e9moire des discours de plusieurs minutes. En outre, il est form\u00e9 \u00e0 la prise de parole en public et sait ma\u00eetriser le trac, ce qui s&rsquo;av\u00e8re particuli\u00e8rement utile lorsqu&rsquo;il s&rsquo;agit de prendre la parole sur sc\u00e8ne.   <\/p>\n<p>L&rsquo;interpr\u00e9tation cons\u00e9cutive fonctionne \u00e9galement tr\u00e8s bien dans des occasions moins prestigieuses, sans les feux de la rampe, par exemple lors de formations, d&rsquo;entretiens divers et de pr\u00e9sentations. Parfois, l&rsquo;interpr\u00e8te n&rsquo;a m\u00eame pas besoin d&rsquo;un carnet de notes, car il se souvient du discours. Dans ce cas, il effectue une interpr\u00e9tation plus proche de l&rsquo;interpr\u00e9tation dialogu\u00e9e (c&rsquo;est-\u00e0-dire phrase par phrase). Quel que soit le nom qu&rsquo;on lui donne, l&rsquo;avantage pour le client est de permettre une interaction dynamique &#8211; vous traduisez apr\u00e8s une phrase ou plusieurs phrases, de sorte que vous n&rsquo;avez pas \u00e0 attendre un \u00e9change entre les participants \u00e0 la r\u00e9union. Cependant, il est important de se rappeler que l&rsquo;interpr\u00e9tation cons\u00e9cutive augmente la dur\u00e9e de la r\u00e9union &#8211; vous devez \u00e9galement pr\u00e9voir du temps pour l&rsquo;interpr\u00e8te. Si les organisateurs veulent en dire le plus possible en une seule r\u00e9union, il est pr\u00e9f\u00e9rable d&rsquo;envisager une interpr\u00e9tation chuchot\u00e9e ou simultan\u00e9e. L&rsquo;interpr\u00e9tation cons\u00e9cutive peut \u00e9galement \u00eatre combin\u00e9e \u00e0 l&rsquo;interpr\u00e9tation chuchot\u00e9e si une ou deux personnes seulement ont besoin d&rsquo;\u00eatre interpr\u00e9t\u00e9es.     <\/p>\n<p>Pour ma premi\u00e8re mission d&rsquo;interpr\u00e9tation cons\u00e9cutive, j&rsquo;ai accompagn\u00e9 la Cour des comptes europ\u00e9enne lors d&rsquo;un audit des stations d&rsquo;\u00e9puration &#8211; j&rsquo;ai vu de mes propres yeux le fonctionnement de la station d&rsquo;\u00e9puration \u00ab Czajka \u00bb \u00e0 Varsovie, entre autres. Ce fut un plaisir.   <\/p>\n<p>[\/et_pb_text][et_pb_image src=\u00a0\u00bbhttps:\/\/parle.pl\/wp-content\/uploads\/tlumaczenie-konsekutywne.jpg\u00a0\u00bb title_text=\u00a0\u00bbtlumaczenie-konsekutywne\u00a0\u00bb _builder_version=\u00a0\u00bb4.7.7&Prime; _module_preset=\u00a0\u00bbdefault\u00a0\u00bb][\/et_pb_image][\/et_pb_column][\/et_pb_row][\/et_pb_section]<\/p>\n","protected":false},"excerpt":{"rendered":"<p>[et_pb_section fb_built=\u00a0\u00bb1&Prime; _builder_version=\u00a0\u00bb4.7.7&Prime; _module_preset=\u00a0\u00bbdefault\u00a0\u00bb background_image=\u00a0\u00bbhttps:\/\/parle.pl\/wp-content\/uploads\/kkrajewska-3.jpg\u00a0\u00bb background_position=\u00a0\u00bbbottom_center\u00a0\u00bb custom_padding=\u00a0\u00bb0px||0px||true|false\u00a0\u00bb][et_pb_row custom_padding_last_edited=\u00a0\u00bbon|tablet\u00a0\u00bb _builder_version=\u00a0\u00bb4.7.7&Prime; _module_preset=\u00a0\u00bbdefault\u00a0\u00bb custom_padding=\u00a0\u00bb3.5%||3.5%||false|false\u00a0\u00bb custom_padding_tablet=\u00a0\u00bb7%||5%||false|false\u00a0\u00bb custom_padding_phone=\u00a0\u00bb\u00a0\u00bb][et_pb_column type=\u00a0\u00bb4_4&Prime; _builder_version=\u00a0\u00bb4.7.7&Prime; _module_preset=\u00a0\u00bbdefault\u00a0\u00bb][et_pb_text _builder_version=\u00a0\u00bb4.7.7&Prime; _module_preset=\u00a0\u00bbdefault\u00a0\u00bb header_font=\u00a0\u00bb|||on|||||\u00a0\u00bb header_text_align=\u00a0\u00bbcenter\u00a0\u00bb header_text_color=\u00a0\u00bb#ffffff\u00a0\u00bb header_font_size=\u00a0\u00bb36px\u00a0\u00bb header_letter_spacing=\u00a0\u00bb1px\u00a0\u00bb header_line_height=\u00a0\u00bb1.2em\u00a0\u00bb header_2_text_align=\u00a0\u00bbcenter\u00a0\u00bb header_2_text_color=\u00a0\u00bb#ffffff\u00a0\u00bb header_2_letter_spacing=\u00a0\u00bb1px\u00a0\u00bb header_font_size_tablet=\u00a0\u00bb\u00a0\u00bb header_font_size_phone=\u00a0\u00bb24px\u00a0\u00bb header_font_size_last_edited=\u00a0\u00bbon|phone\u00a0\u00bb header_2_font_size_tablet=\u00a0\u00bb\u00a0\u00bb header_2_font_size_phone=\u00a0\u00bb18px\u00a0\u00bb header_2_font_size_last_edited=\u00a0\u00bbon|phone\u00a0\u00bb header_text_shadow_style=\u00a0\u00bbpreset2&Prime; header_2_text_shadow_style=\u00a0\u00bbpreset2&Prime;] interpr\u00e9tation Cons\u00e9cutive [\/et_pb_text][\/et_pb_column][\/et_pb_row][\/et_pb_section][et_pb_section fb_built=\u00a0\u00bb1&Prime; _builder_version=\u00a0\u00bb4.7.7&Prime; _module_preset=\u00a0\u00bbdefault\u00a0\u00bb custom_padding=\u00a0\u00bb||40px||false|false\u00a0\u00bb][et_pb_row column_structure=\u00a0\u00bb3_5,2_5&Prime; _builder_version=\u00a0\u00bb4.7.7&Prime; _module_preset=\u00a0\u00bbdefault\u00a0\u00bb][et_pb_column type=\u00a0\u00bb3_5&Prime; _builder_version=\u00a0\u00bb4.7.7&Prime; _module_preset=\u00a0\u00bbdefault\u00a0\u00bb][et_pb_text _builder_version=\u00a0\u00bb4.7.7&Prime; _module_preset=\u00a0\u00bbdefault\u00a0\u00bb] L&rsquo;interpr\u00e8te prend la parole en [&hellip;]<\/p>\n","protected":false},"author":1,"featured_media":0,"parent":1381,"menu_order":0,"comment_status":"closed","ping_status":"closed","template":"","meta":{"_et_pb_use_builder":"on","_et_pb_old_content":"","_et_gb_content_width":"","inline_featured_image":false,"footnotes":""},"class_list":["post-1387","page","type-page","status-publish","hentry"],"_links":{"self":[{"href":"https:\/\/parle.pl\/fr\/wp-json\/wp\/v2\/pages\/1387"}],"collection":[{"href":"https:\/\/parle.pl\/fr\/wp-json\/wp\/v2\/pages"}],"about":[{"href":"https:\/\/parle.pl\/fr\/wp-json\/wp\/v2\/types\/page"}],"author":[{"embeddable":true,"href":"https:\/\/parle.pl\/fr\/wp-json\/wp\/v2\/users\/1"}],"replies":[{"embeddable":true,"href":"https:\/\/parle.pl\/fr\/wp-json\/wp\/v2\/comments?post=1387"}],"version-history":[{"count":2,"href":"https:\/\/parle.pl\/fr\/wp-json\/wp\/v2\/pages\/1387\/revisions"}],"predecessor-version":[{"id":1389,"href":"https:\/\/parle.pl\/fr\/wp-json\/wp\/v2\/pages\/1387\/revisions\/1389"}],"up":[{"embeddable":true,"href":"https:\/\/parle.pl\/fr\/wp-json\/wp\/v2\/pages\/1381"}],"wp:attachment":[{"href":"https:\/\/parle.pl\/fr\/wp-json\/wp\/v2\/media?parent=1387"}],"curies":[{"name":"wp","href":"https:\/\/api.w.org\/{rel}","templated":true}]}}